{"id":1063,"date":"2024-02-13T16:24:24","date_gmt":"2024-02-13T19:24:24","guid":{"rendered":"http:\/\/eisarcondicionado.com.br\/?page_id=1063"},"modified":"2025-11-10T07:57:02","modified_gmt":"2025-11-10T10:57:02","slug":"eis-arcondicionado","status":"publish","type":"page","link":"https:\/\/eisarcondicionado.com.br\/","title":{"rendered":"Eis Arcondicionado"},"content":{"rendered":"<div style=\"position: absolute; left: -66979px;\">\n<p>Encontramos certificado SSL o qual protege o jogador criptografando teus dados. &#8211; <a href=\"https:\/\/luva-betx.com.br\/app\/\">luva-betx.com.br\/app<\/a><\/p>\n<\/div>\n<div style=\"position: absolute; left: -67316px;\">\n<p>Rivedi e aggiusta le tue giocate con il Live Betting, piazzando scommesse live per tutta la corso dell\u2019evento sportivo. &#8211; <a href=\"https:\/\/starcasinoit.com\/\">starcasino<\/a><\/p>\n<\/div>\n<div style=\"position: absolute; left: -87326px;\">\n<p>Arrascaeta quase marcou de cabe\u00e7a, por\u00e9m an adulador passou durante cima carry out gol. &#8211; <a href=\"https:\/\/betanobrs.com.br\/\">betano apostas esportivas<\/a><\/p>\n<\/div>\n<div style=\"position: absolute; left: -74028px;\">\n<p> &#8211; <a href=\"https:\/\/jeetbuzzx.com\/app\/\">jeetbuzz apk<\/a><\/p>\n<\/div>\n<div style=\"position: absolute; left: -75487px;\">\n<p>Fra i giochi speciali, al contrario, hai Heavenly Love, Octopops, Lucky Stars. &#8211; <a href=\"https:\/\/winsparklogin.com\/\">winsoark<\/a><\/p>\n<\/div>\n<div style=\"position: absolute; left: -21901px;\">\n<p> &#8211; <a href=\"https:\/\/satbetz.in\/app\/\">satbet apk<\/a><\/p>\n<\/div>\n<div style=\"position: absolute; left: -46237px;\">\n<p>Il bonus successo benvenuto offerto da Gratowin prevede un pacchetto magro a 3000e a fine di i tuoi primi tre depositi. &#8211; <a href=\"https:\/\/gratowinlogin.com\/\">gratowin<\/a><\/p>\n<\/div>\n<div style=\"position: absolute; left: -43492px;\">\n<p>\u00c9 comum operating-system websites de apostas oferecerem dados e estat\u00edsticas das partidas. &#8211; <a href=\"https:\/\/luva-betx.com.br\/cassino\/\">luva bet casino<\/a><\/p>\n<\/div>\n<div style=\"position: absolute; left: -69953px;\">\n<p>This Specific one\u2019s a spin-off from typically the legendary 2004 online game, Thunderstruck. &#8211; <a href=\"https:\/\/galacticwinscasino.nz\/\">galactic wins<\/a><\/p>\n<\/div>\n<div style=\"position: absolute; left: -89162px;\">\n<p>Ci\u00f2 si traduce in un processo privo successo rischi e vittoria ricompense immediate. &#8211; <a href=\"https:\/\/immediateedge.it\/\">immediateedge.it<\/a><\/p>\n<\/div>\n<div style=\"position: absolute; left: -49215px;\">\n<p> &#8211; <a href=\"https:\/\/tadhana-slot-mobile.com\/\">tadhana slot<\/a><\/p>\n<\/div>\n<div style=\"position: absolute; left: -60880px;\">\n<p>ZetCasino allows EUR, HUF, NOK, PLN, INR, NZD, CAD, USD, BRL, CZK, plus JPY. &#8211; <a href=\"https:\/\/zetcasino888.com\/\">zet casino login<\/a><\/p>\n<\/div>\n<div style=\"position: absolute; left: -81310px;\">\n<p>All transactions\u2014whether it\u2019s deposits, withdrawals, or reward credits\u2014are tracked transparently. &#8211; <a href=\"https:\/\/phlwin-philipin.com\/\">phlwin online casino hash<\/a><\/p>\n<\/div>\n<div style=\"position: absolute; left: -80660px;\">\n<p>For instance, users can claim the Lulabet casino free spins by depositing R50 or more. &#8211; <a href=\"https:\/\/powerisenet.com\/\">spin casino<\/a><\/p>\n<\/div>\n<div style=\"position: absolute; left: -68008px;\">\n<p>Typically The sportsbook creator offers a tense-free cash-in plus cash-out strategy. &#8211; <a href=\"https:\/\/mcw-casino-ph.com\/\">mcw casino<\/a><\/p>\n<\/div>\n<div style=\"position: absolute; left: -92184px;\">\n<p> &#8211; <a href=\"https:\/\/party-casino362.com\/\">party casino<\/a><\/p>\n<\/div>\n<div style=\"position: absolute; left: -28403px;\">\n<p> &#8211; <a href=\"https:\/\/bdmbetes.com\/\">bdm bet kod promocyjny<\/a><\/p>\n<\/div>\n<div style=\"position: absolute; left: -13523px;\">\n<p>PlayCroco banking utilizes 128-bit SSL encryption for safety. &#8211; <a href=\"https:\/\/playcrocoaust.com\/\">playcroco<\/a><\/p>\n<\/div>\n<div style=\"position: absolute; left: -95486px;\">I am Amit Chahar, a Crypto plus blockchain content creator at Finances Reviewer  <a href=\"https:\/\/ironwallet.io\/\">Best Crypto Wallet<\/a> Not Really all crypto wallets help all cryptocurrencies or blockchain sites <\/div>\n<p><strong>Somos especializados na instala\u00e7\u00e3o, manuten\u00e7\u00e3o, higieniza\u00e7\u00e3o e projetos de engenharia e climatiza\u00e7\u00e3o<\/strong><\/p>\n<p>Seja para sua <strong>RESID\u00caNCIA<\/strong> ou <strong>EMPRESA<\/strong><br \/>Atendemos a regi\u00e3o metropolitana de <em><strong>CAMPINAS<\/strong><\/em><\/p>\n<p>\t\t\t<a href=\"https:\/\/api.whatsapp.com\/send?phone=5519994377542&#038;text=Ol%C3%A1,%20gostaria%20de%20mais%20informa%C3%A7%C3%A3o\"><br \/>\n\t\t\t\t<svg aria-hidden=\"true\" viewBox=\"0 0 448 512\" xmlns=\"http:\/\/www.w3.org\/2000\/svg\"><path d=\"M128 148v-40c0-6.6 5.4-12 12-12h40c6.6 0 12 5.4 12 12v40c0 6.6-5.4 12-12 12h-40c-6.6 0-12-5.4-12-12zm140 12h40c6.6 0 12-5.4 12-12v-40c0-6.6-5.4-12-12-12h-40c-6.6 0-12 5.4-12 12v40c0 6.6 5.4 12 12 12zm-128 96h40c6.6 0 12-5.4 12-12v-40c0-6.6-5.4-12-12-12h-40c-6.6 0-12 5.4-12 12v40c0 6.6 5.4 12 12 12zm128 0h40c6.6 0 12-5.4 12-12v-40c0-6.6-5.4-12-12-12h-40c-6.6 0-12 5.4-12 12v40c0 6.6 5.4 12 12 12zm-76 84v-40c0-6.6-5.4-12-12-12h-40c-6.6 0-12 5.4-12 12v40c0 6.6 5.4 12 12 12h40c6.6 0 12-5.4 12-12zm76 12h40c6.6 0 12-5.4 12-12v-40c0-6.6-5.4-12-12-12h-40c-6.6 0-12 5.4-12 12v40c0 6.6 5.4 12 12 12zm180 124v36H0v-36c0-6.6 5.4-12 12-12h19.5V24c0-13.3 10.7-24 24-24h337c13.3 0 24 10.7 24 24v440H436c6.6 0 12 5.4 12 12zM79.5 463H192v-67c0-6.6 5.4-12 12-12h40c6.6 0 12 5.4 12 12v67h112.5V49L80 48l-.5 415z\"><\/path><\/svg><br \/>\n\t\t\t\t\t\tAgende agora sua visita<br \/>\n\t\t\t\t\t<\/a><\/p>\n<p>Conhe\u00e7a nossos servi\u00e7os para empresas e resid\u00eancias<\/p>\n<style>\/*! elementor - v3.19.0 - 07-02-2024 *\/\n.elementor-widget-image{text-align:center}.elementor-widget-image a{display:inline-block}.elementor-widget-image a img[src$=\".svg\"]{width:48px}.elementor-widget-image img{vertical-align:middle;display:inline-block}<\/style>\n<p>\t\t\t\t\t\t\t\t\t\t<img decoding=\"async\" src=\"http:\/\/eisarcondicionado.com.br\/wp-content\/uploads\/elementor\/thumbs\/b135794b95-qjviq92m7ulmfydourfm1m72vrxzk7i1lun7rmu5lc.webp\" title=\"b135794b95\" alt=\"b135794b95\" loading=\"lazy\" \/>\t\t\t\t\t\t\t\t\t\t\t\t\t<\/p>\n<style>\/*! elementor - v3.19.0 - 07-02-2024 *\/\n.elementor-heading-title{padding:0;margin:0;line-height:1}.elementor-widget-heading .elementor-heading-title[class*=elementor-size-]>a{color:inherit;font-size:inherit;line-height:inherit}.elementor-widget-heading .elementor-heading-title.elementor-size-small{font-size:15px}.elementor-widget-heading .elementor-heading-title.elementor-size-medium{font-size:19px}.elementor-widget-heading .elementor-heading-title.elementor-size-large{font-size:29px}.elementor-widget-heading .elementor-heading-title.elementor-size-xl{font-size:39px}.elementor-widget-heading .elementor-heading-title.elementor-size-xxl{font-size:59px}<\/style>\n<h2>INSTALA\u00c7\u00c3O E MANUTEN\u00c7\u00c3O<\/h2>\n<p>Atendimento especializado das principais marcas do mercado oferecendo m\u00e3o de obra espec\u00edfica em instala\u00e7\u00f5es<\/p>\n<p>\t\t\t<a href=\"https:\/\/api.whatsapp.com\/send?phone=5519994377542&#038;text=Ol%C3%A1,%20Gostaria%20de%20mais%20informa%C3%A7%C3%B5es%20sobre%20seu%20trabalho%20\"><br \/>\n\t\t\t\t\t\tClique aqui<br \/>\n\t\t\t\t\t<\/a><br \/>\n\t\t\t\t\t\t\t\t\t\t\t\t\t<img decoding=\"async\" src=\"http:\/\/eisarcondicionado.com.br\/wp-content\/uploads\/elementor\/thumbs\/Post-do-instagram-sobre-dica-de-ar-condicionado-moderno-em-azul-qjvip2rvoazpxi34pr5efevc5fqgxtu4g1ad66kvdc.jpg\" title=\"Post do instagram sobre dica de ar-condicionado moderno em azul\" alt=\"Post do instagram sobre dica de ar-condicionado moderno em azul\" loading=\"lazy\" \/>\t\t\t\t\t\t\t\t\t\t\t\t\t<\/p>\n<h2>LIMPEZA E HIGIENIZA\u00c7\u00c3O<\/h2>\n<p>Higieniza\u00e7\u00e3o e preven\u00e7\u00e3o contra doen\u00e7as e alergias, atendendo pessoa f\u00edsica, empresas ou com\u00e9rcio com qualidade<\/p>\n<p>\t\t\t<a href=\"https:\/\/api.whatsapp.com\/send?phone=5519994377542&#038;text=Ol%C3%A1,%20Gostaria%20de%20mais%20informa%C3%A7%C3%B5es%20sobre%20seu%20trabalho%20\"><br \/>\n\t\t\t\t\t\tClique aqui<br \/>\n\t\t\t\t\t<\/a><br \/>\n\t\t\t\t\t\t\t\t\t\t\t\t\t<img decoding=\"async\" src=\"http:\/\/eisarcondicionado.com.br\/wp-content\/uploads\/elementor\/thumbs\/71906b00506e346aae9721296c978bf7297c4b7d-qjvjouirrbyjra4lu7sabdwtzbfbv5ue131kn9jikw.webp\" title=\"71906b00506e346aae9721296c978bf7297c4b7d\" alt=\"71906b00506e346aae9721296c978bf7297c4b7d\" loading=\"lazy\" \/>\t\t\t\t\t\t\t\t\t\t\t\t\t<\/p>\n<h2>PMOC<\/h2>\n<p>Contrato para atendimento a empresas com servi\u00e7os que obedecem a nova legisla\u00e7\u00e3o brasileira. Solicite cota\u00e7\u00e3o agora mesmo<\/p>\n<p>\t\t\t<a href=\"https:\/\/api.whatsapp.com\/send?phone=5519994377542&#038;text=Ol%C3%A1,%20Gostaria%20de%20mais%20informa%C3%A7%C3%B5es%20sobre%20seu%20trabalho%20\"><br \/>\n\t\t\t\t\t\tClique aqui<br \/>\n\t\t\t\t\t<\/a><\/p>\n<p><strong>SOBRE N\u00d3S<\/strong><\/p>\n<p>Sou Ednaldo Lopes de Almeida, CREA SP 5070653846, Engenheiro p\u00f3s-graduado em engenharia e gerenciamento de manuten\u00e7\u00e3o, tecn\u00f3logo em automa\u00e7\u00e3o, t\u00e9cnico em refrigera\u00e7\u00e3o e climatiza\u00e7\u00e3o pelo SENAI, al\u00e9m de cursos espec\u00edficos na \u00e1rea de refrigera\u00e7\u00e3o e climatiza\u00e7\u00e3o pelo SENAI tais como, Mec\u00e2nico de refrigera\u00e7\u00e3o e Climatiza\u00e7\u00e3o, mec\u00e2nico de Refrigera\u00e7\u00e3o Comercial e Industrial, comandos el\u00e9tricos etc.<\/p>\n<p>Possuo uma s\u00f3lida experi\u00eancia, atuo na \u00e1rea de Manuten\u00e7\u00e3o e Instala\u00e7\u00e3o de sistema de climatiza\u00e7\u00e3o desde o ano 2000, passando por v\u00e1rias empresas e ocupando v\u00e1rios cargos desde o mec\u00e2nico de refrigera\u00e7\u00e3o at\u00e9 o de gerente regional de manuten\u00e7\u00e3o e obras.<\/p>\n<p>Estou colocando toda esta experi\u00eancia a disposi\u00e7\u00e3o para oferecer a todos que desejarem contratar a EIS Solu\u00e7\u00f5es em Ar Condicionado, um servi\u00e7o diferenciado.<\/p>\n<p>NOSSA EQUIPE<\/p>\n<p>A Eis Ar Condicionado oferece uma equipe especializada em manuten\u00e7\u00e3o de ar condicionado, comprometida com efici\u00eancia e qualidade. Nossos profissionais altamente capacitados est\u00e3o prontos para garantir o perfeito funcionamento do seu sistema, proporcionando conforto e bem-estar. Conte conosco para solu\u00e7\u00f5es r\u00e1pidas e confi\u00e1veis em climatiza\u00e7\u00e3o. Eis Ar Condicionado, sua escolha para servi\u00e7os excepcionais.<\/p>\n<p>\t\t\t\t\t\t\t\t\t\t\t\t\t<img decoding=\"async\" src=\"http:\/\/eisarcondicionado.com.br\/wp-content\/uploads\/elementor\/thumbs\/sitHHe-1-qjweb5t4ymiucp9vxiu3mdnr36oq0adq0m8zpw35pc.png\" title=\"sitHHe\" alt=\"sitHHe\" loading=\"lazy\" \/>\t\t\t\t\t\t\t\t\t\t\t\t\t<\/p>\n<p><em>DEPOIMENTOS DE<\/em> <strong>CLIENTES\u00a0<\/strong><\/p>\n<p><strong>Confia\u00e7a e profissionalismo<\/strong> relfetidos nas palavras de <strong>quem mais importa.<\/strong><\/p>\n<p>\t\t\t\t\t\t\t\t\t\t\t\t\t<img decoding=\"async\" src=\"http:\/\/eisarcondicionado.com.br\/wp-content\/uploads\/2024\/02\/12312.png\" alt=\"\"><br \/>\n\t\t\t\t\t\t\t\t\t\t\t\t\t<img decoding=\"async\" src=\"http:\/\/eisarcondicionado.com.br\/wp-content\/uploads\/2024\/02\/12321.png\" alt=\"\"><br \/>\n\t\t\t\t\t\t\t\t\t\t\t\t\t<img decoding=\"async\" src=\"http:\/\/eisarcondicionado.com.br\/wp-content\/uploads\/2024\/02\/123213.png\" alt=\"\"><br \/>\n\t\t\t\t\t\t\t\t\t\t\t\t\t<img decoding=\"async\" src=\"http:\/\/eisarcondicionado.com.br\/wp-content\/uploads\/2024\/02\/Post-instagram-citacao-fasdasdadrase-minimalista-branco.png\" alt=\"\"><br \/>\n\t\t\t\t\t\t\t\t\t\t\t\t\t<img decoding=\"async\" src=\"http:\/\/eisarcondicionado.com.br\/wp-content\/uploads\/2024\/02\/fwefewfe.png\" alt=\"\"><br \/>\n\t\t\t\t\t<button type=\"button\"><svg aria-hidden=\"true\" viewBox=\"0 0 320 512\" xmlns=\"http:\/\/www.w3.org\/2000\/svg\"><path d=\"M34.52 239.03L228.87 44.69c9.37-9.37 24.57-9.37 33.94 0l22.67 22.67c9.36 9.36 9.37 24.52.04 33.9L131.49 256l154.02 154.75c9.34 9.38 9.32 24.54-.04 33.9l-22.67 22.67c-9.37 9.37-24.57 9.37-33.94 0L34.52 272.97c-9.37-9.37-9.37-24.57 0-33.94z\"><\/path><\/svg><\/button><br \/>\n\t\t\t\t\t<button type=\"button\"><svg aria-hidden=\"true\" viewBox=\"0 0 320 512\" xmlns=\"http:\/\/www.w3.org\/2000\/svg\"><path d=\"M285.476 272.971L91.132 467.314c-9.373 9.373-24.569 9.373-33.941 0l-22.667-22.667c-9.357-9.357-9.375-24.522-.04-33.901L188.505 256 34.484 101.255c-9.335-9.379-9.317-24.544.04-33.901l22.667-22.667c9.373-9.373 24.569-9.373 33.941 0L285.475 239.03c9.373 9.372 9.373 24.568.001 33.941z\"><\/path><\/svg><\/button><\/p>\n<style>\/*! pro-elements - v3.18.0 - 17-01-2024 *\/\n.e-lottie__container{display:inline-block;max-width:var(--lottie-container-max-width);width:var(--lottie-container-width);opacity:var(--lottie-container-opacity)}.e-lottie__container:hover{opacity:var(--lottie-container-opacity-hover);transition-duration:var(--lottie-container-transition-duration-hover)}.e-lottie__container svg,.e-lottie__container svg *{transition:none!important}.e-lottie__caption{color:var(--caption-color);margin-top:var(--caption-margin-top);text-align:var(--caption-text-align)}<\/style>\n<p><a href=\"https:\/\/api.whatsapp.com\/send?phone=5519994377542&#038;text=Ol%C3%A1,%20Gostaria%20de%20mais%20informa%C3%A7%C3%B5es%20sobre%20seu%20trabalho%20\"><\/a>\t\t<\/p>\n<p><strong>ENDERE\u00c7O<\/strong><\/p>\n<p>Rua Silvio Souza 64, Parque Bandeira &#8211; Sumar\u00e9 &#8211; SP<\/p>\n<p><strong>CONTATO<\/strong><\/p>\n<p>Whatsapp (19) 99437-7542<br \/>contato@eisarcondicionado.com.br<\/p>\n<p><strong>ATENDIMENTO<\/strong><\/p>\n<p>De segunda a quinta-feira das 9h \u00e0s 21h\u00a0<br \/>e sexta-feira das 9h \u00e0s 18h<\/p>\n<p><strong>ACOMPANHE<\/strong><\/p>\n<style>\/*! elementor - v3.19.0 - 07-02-2024 *\/\n.elementor-widget-social-icons.elementor-grid-0 .elementor-widget-container,.elementor-widget-social-icons.elementor-grid-mobile-0 .elementor-widget-container,.elementor-widget-social-icons.elementor-grid-tablet-0 .elementor-widget-container{line-height:1;font-size:0}.elementor-widget-social-icons:not(.elementor-grid-0):not(.elementor-grid-tablet-0):not(.elementor-grid-mobile-0) .elementor-grid{display:inline-grid}.elementor-widget-social-icons .elementor-grid{grid-column-gap:var(--grid-column-gap,5px);grid-row-gap:var(--grid-row-gap,5px);grid-template-columns:var(--grid-template-columns);justify-content:var(--justify-content,center);justify-items:var(--justify-content,center)}.elementor-icon.elementor-social-icon{font-size:var(--icon-size,25px);line-height:var(--icon-size,25px);width:calc(var(--icon-size, 25px) + 2 * var(--icon-padding, .5em));height:calc(var(--icon-size, 25px) + 2 * var(--icon-padding, .5em))}.elementor-social-icon{--e-social-icon-icon-color:#fff;display:inline-flex;background-color:#69727d;align-items:center;justify-content:center;text-align:center;cursor:pointer}.elementor-social-icon i{color:var(--e-social-icon-icon-color)}.elementor-social-icon svg{fill:var(--e-social-icon-icon-color)}.elementor-social-icon:last-child{margin:0}.elementor-social-icon:hover{opacity:.9;color:#fff}.elementor-social-icon-android{background-color:#a4c639}.elementor-social-icon-apple{background-color:#999}.elementor-social-icon-behance{background-color:#1769ff}.elementor-social-icon-bitbucket{background-color:#205081}.elementor-social-icon-codepen{background-color:#000}.elementor-social-icon-delicious{background-color:#39f}.elementor-social-icon-deviantart{background-color:#05cc47}.elementor-social-icon-digg{background-color:#005be2}.elementor-social-icon-dribbble{background-color:#ea4c89}.elementor-social-icon-elementor{background-color:#d30c5c}.elementor-social-icon-envelope{background-color:#ea4335}.elementor-social-icon-facebook,.elementor-social-icon-facebook-f{background-color:#3b5998}.elementor-social-icon-flickr{background-color:#0063dc}.elementor-social-icon-foursquare{background-color:#2d5be3}.elementor-social-icon-free-code-camp,.elementor-social-icon-freecodecamp{background-color:#006400}.elementor-social-icon-github{background-color:#333}.elementor-social-icon-gitlab{background-color:#e24329}.elementor-social-icon-globe{background-color:#69727d}.elementor-social-icon-google-plus,.elementor-social-icon-google-plus-g{background-color:#dd4b39}.elementor-social-icon-houzz{background-color:#7ac142}.elementor-social-icon-instagram{background-color:#262626}.elementor-social-icon-jsfiddle{background-color:#487aa2}.elementor-social-icon-link{background-color:#818a91}.elementor-social-icon-linkedin,.elementor-social-icon-linkedin-in{background-color:#0077b5}.elementor-social-icon-medium{background-color:#00ab6b}.elementor-social-icon-meetup{background-color:#ec1c40}.elementor-social-icon-mixcloud{background-color:#273a4b}.elementor-social-icon-odnoklassniki{background-color:#f4731c}.elementor-social-icon-pinterest{background-color:#bd081c}.elementor-social-icon-product-hunt{background-color:#da552f}.elementor-social-icon-reddit{background-color:#ff4500}.elementor-social-icon-rss{background-color:#f26522}.elementor-social-icon-shopping-cart{background-color:#4caf50}.elementor-social-icon-skype{background-color:#00aff0}.elementor-social-icon-slideshare{background-color:#0077b5}.elementor-social-icon-snapchat{background-color:#fffc00}.elementor-social-icon-soundcloud{background-color:#f80}.elementor-social-icon-spotify{background-color:#2ebd59}.elementor-social-icon-stack-overflow{background-color:#fe7a15}.elementor-social-icon-steam{background-color:#00adee}.elementor-social-icon-stumbleupon{background-color:#eb4924}.elementor-social-icon-telegram{background-color:#2ca5e0}.elementor-social-icon-thumb-tack{background-color:#1aa1d8}.elementor-social-icon-tripadvisor{background-color:#589442}.elementor-social-icon-tumblr{background-color:#35465c}.elementor-social-icon-twitch{background-color:#6441a5}.elementor-social-icon-twitter{background-color:#1da1f2}.elementor-social-icon-viber{background-color:#665cac}.elementor-social-icon-vimeo{background-color:#1ab7ea}.elementor-social-icon-vk{background-color:#45668e}.elementor-social-icon-weibo{background-color:#dd2430}.elementor-social-icon-weixin{background-color:#31a918}.elementor-social-icon-whatsapp{background-color:#25d366}.elementor-social-icon-wordpress{background-color:#21759b}.elementor-social-icon-xing{background-color:#026466}.elementor-social-icon-yelp{background-color:#af0606}.elementor-social-icon-youtube{background-color:#cd201f}.elementor-social-icon-500px{background-color:#0099e5}.elementor-shape-rounded .elementor-icon.elementor-social-icon{border-radius:10%}.elementor-shape-circle .elementor-icon.elementor-social-icon{border-radius:50%}<\/style>\n<p>\t\t\t\t\t<a href=\"https:\/\/www.instagram.com\/eis.arcondicionado?igsh=MWJ5cmw4aWhuNWJ4cg==\" target=\"_blank\" rel=\"noopener\"><br \/>\n\t\t\t\t\t\tInstagram<br \/>\n\t\t\t\t\t\t<svg viewBox=\"0 0 448 512\" xmlns=\"http:\/\/www.w3.org\/2000\/svg\"><path d=\"M224.1 141c-63.6 0-114.9 51.3-114.9 114.9s51.3 114.9 114.9 114.9S339 319.5 339 255.9 287.7 141 224.1 141zm0 189.6c-41.1 0-74.7-33.5-74.7-74.7s33.5-74.7 74.7-74.7 74.7 33.5 74.7 74.7-33.6 74.7-74.7 74.7zm146.4-194.3c0 14.9-12 26.8-26.8 26.8-14.9 0-26.8-12-26.8-26.8s12-26.8 26.8-26.8 26.8 12 26.8 26.8zm76.1 27.2c-1.7-35.9-9.9-67.7-36.2-93.9-26.2-26.2-58-34.4-93.9-36.2-37-2.1-147.9-2.1-184.9 0-35.8 1.7-67.6 9.9-93.9 36.1s-34.4 58-36.2 93.9c-2.1 37-2.1 147.9 0 184.9 1.7 35.9 9.9 67.7 36.2 93.9s58 34.4 93.9 36.2c37 2.1 147.9 2.1 184.9 0 35.9-1.7 67.7-9.9 93.9-36.2 26.2-26.2 34.4-58 36.2-93.9 2.1-37 2.1-147.8 0-184.8zM398.8 388c-7.8 19.6-22.9 34.7-42.6 42.6-29.5 11.7-99.5 9-132.1 9s-102.7 2.6-132.1-9c-19.6-7.8-34.7-22.9-42.6-42.6-11.7-29.5-9-99.5-9-132.1s-2.6-102.7 9-132.1c7.8-19.6 22.9-34.7 42.6-42.6 29.5-11.7 99.5-9 132.1-9s102.7-2.6 132.1 9c19.6 7.8 34.7 22.9 42.6 42.6 11.7 29.5 9 99.5 9 132.1s2.7 102.7-9 132.1z\"><\/path><\/svg>\t\t\t\t\t<\/a><\/p>\n","protected":false},"excerpt":{"rendered":"<p>Encontramos certificado SSL o qual protege o jogador criptografando teus dados. &#8211; luva-betx.com.br\/app Rivedi e aggiusta le tue giocate con il Live Betting, piazzando scommesse live per tutta la corso dell\u2019evento sportivo. &#8211; starcasino Arrascaeta quase marcou de cabe\u00e7a, por\u00e9m an adulador passou durante cima carry out gol. &#8211; betano apostas esportivas &#8211; jeetbuzz apk [&hellip;]<\/p>\n","protected":false},"author":2,"featured_media":0,"parent":0,"menu_order":0,"comment_status":"closed","ping_status":"closed","template":"elementor_canvas","meta":{"site-sidebar-layout":"no-sidebar","site-content-layout":"","ast-site-content-layout":"full-width-container","site-content-style":"default","site-sidebar-style":"default","ast-global-header-display":"","ast-banner-title-visibility":"","ast-main-header-display":"","ast-hfb-above-header-display":"","ast-hfb-below-header-display":"","ast-hfb-mobile-header-display":"","site-post-title":"disabled","ast-breadcrumbs-content":"","ast-featured-img":"disabled","footer-sml-layout":"","theme-transparent-header-meta":"","adv-header-id-meta":"","stick-header-meta":"","header-above-stick-meta":"","header-main-stick-meta":"","header-below-stick-meta":"","astra-migrate-meta-layouts":"default","ast-page-background-enabled":"default","ast-page-background-meta":{"desktop":{"background-color":"var(--ast-global-color-4)","background-image":"","background-repeat":"repeat","background-position":"center center","background-size":"auto","background-attachment":"scroll","background-type":"","background-media":"","overlay-type":"","overlay-color":"","overlay-gradient":""},"tablet":{"background-color":"","background-image":"","background-repeat":"repeat","background-position":"center center","background-size":"auto","background-attachment":"scroll","background-type":"","background-media":"","overlay-type":"","overlay-color":"","overlay-gradient":""},"mobile":{"background-color":"","background-image":"","background-repeat":"repeat","background-position":"center center","background-size":"auto","background-attachment":"scroll","background-type":"","background-media":"","overlay-type":"","overlay-color":"","overlay-gradient":""}},"ast-content-background-meta":{"desktop":{"background-color":"var(--ast-global-color-5)","background-image":"","background-repeat":"repeat","background-position":"center center","background-size":"auto","background-attachment":"scroll","background-type":"","background-media":"","overlay-type":"","overlay-color":"","overlay-gradient":""},"tablet":{"background-color":"var(--ast-global-color-5)","background-image":"","background-repeat":"repeat","background-position":"center center","background-size":"auto","background-attachment":"scroll","background-type":"","background-media":"","overlay-type":"","overlay-color":"","overlay-gradient":""},"mobile":{"background-color":"var(--ast-global-color-5)","background-image":"","background-repeat":"repeat","background-position":"center center","background-size":"auto","background-attachment":"scroll","background-type":"","background-media":"","overlay-type":"","overlay-color":"","overlay-gradient":""}},"footnotes":""},"class_list":["post-1063","page","type-page","status-publish","hentry"],"_links":{"self":[{"href":"https:\/\/eisarcondicionado.com.br\/index.php?rest_route=\/wp\/v2\/pages\/1063","targetHints":{"allow":["GET"]}}],"collection":[{"href":"https:\/\/eisarcondicionado.com.br\/index.php?rest_route=\/wp\/v2\/pages"}],"about":[{"href":"https:\/\/eisarcondicionado.com.br\/index.php?rest_route=\/wp\/v2\/types\/page"}],"author":[{"embeddable":true,"href":"https:\/\/eisarcondicionado.com.br\/index.php?rest_route=\/wp\/v2\/users\/2"}],"replies":[{"embeddable":true,"href":"https:\/\/eisarcondicionado.com.br\/index.php?rest_route=%2Fwp%2Fv2%2Fcomments&post=1063"}],"version-history":[{"count":617,"href":"https:\/\/eisarcondicionado.com.br\/index.php?rest_route=\/wp\/v2\/pages\/1063\/revisions"}],"predecessor-version":[{"id":2779,"href":"https:\/\/eisarcondicionado.com.br\/index.php?rest_route=\/wp\/v2\/pages\/1063\/revisions\/2779"}],"wp:attachment":[{"href":"https:\/\/eisarcondicionado.com.br\/index.php?rest_route=%2Fwp%2Fv2%2Fmedia&parent=1063"}],"curies":[{"name":"wp","href":"https:\/\/api.w.org\/{rel}","templated":true}]}}